{"id":169,"date":"2022-08-15T15:35:51","date_gmt":"2022-08-15T19:35:51","guid":{"rendered":"https:\/\/wbcollective.dev\/explore\/?page_id=169"},"modified":"2024-01-24T17:54:29","modified_gmt":"2024-01-24T16:54:29","slug":"sobre-nosotros","status":"publish","type":"page","link":"https:\/\/carnicaszurita.es\/blog\/sobre-nosotros\/","title":{"rendered":"Sobre nosotros"},"content":{"rendered":"<div class=\"gb-container gb-container-714c8a1b\">\n<div class=\"gb-container gb-container-a1dadea3\">\n<div class=\"gb-container gb-container-e6e4532b\">\n\n<h2 class=\"gb-headline gb-headline-c4946eeb gb-headline-text\">C\u00e1rnicas Zurita: la calidad como compromiso<\/h2>\n\n\n\n<p class=\"gb-headline gb-headline-94d1d6f8 gb-headline-text\">Con mimo y tradici\u00f3n, elaboramos desde 1970, embutidos granadinos y jamones de calidad suprema desde hace a\u00f1os. Nuestro \u00e9xito se basa en trabajar directamente con ganaderos, lo que nos permite garantizar la m\u00e1xima frescura y ofrecer el mejor precio<\/p>\n\n\n\n<p class=\"gb-headline gb-headline-9c7caf48 gb-headline-text\"><\/p>\n\n\n\n<div class=\"gb-headline gb-headline-3fec6813 gb-headline-text\">S\u00edguenos<\/div>\n\n\n<div class=\"gb-container gb-container-b5893f4b\">\n\n<a class=\"gb-button gb-button-8c647d1a\" href=\"https:\/\/www.linkedin.com\/company\/cash-zurita\/?_ga=2.135811761.1071933486.1706114445-1224813587.1706114445\" target=\"_blank\" rel=\"noopener\"><span class=\"gb-icon\"><svg viewBox=\"0 0 16 16\" class=\"bi bi-linkedin\" fill=\"currentColor\" height=\"16\" width=\"16\" xmlns=\"http:\/\/www.w3.org\/2000\/svg\">   <path d=\"M0 1.146C0 .513.526 0 1.175 0h13.65C15.474 0 16 .513 16 1.146v13.708c0 .633-.526 1.146-1.175 1.146H1.175C.526 16 0 15.487 0 14.854V1.146zm4.943 12.248V6.169H2.542v7.225h2.401zm-1.2-8.212c.837 0 1.358-.554 1.358-1.248-.015-.709-.52-1.248-1.342-1.248-.822 0-1.359.54-1.359 1.248 0 .694.521 1.248 1.327 1.248h.016zm4.908 8.212V9.359c0-.216.016-.432.08-.586.173-.431.568-.878 1.232-.878.869 0 1.216.662 1.216 1.634v3.865h2.401V9.25c0-2.22-1.184-3.252-2.764-3.252-1.274 0-1.845.7-2.165 1.193v.025h-.016a5.54 5.54 0 0 1 .016-.025V6.169h-2.4c.03.678 0 7.225 0 7.225h2.4z\"><\/path> <\/svg><\/span><\/a>\n\n\n\n<a class=\"gb-button gb-button-0bfebba2\" href=\"https:\/\/www.facebook.com\/carnicaszurita\/?_ga=2.135811761.1071933486.1706114445-1224813587.1706114445\" target=\"_blank\" rel=\"noopener\"><span class=\"gb-icon\"><svg viewBox=\"0 0 16 16\" class=\"bi bi-facebook\" fill=\"currentColor\" height=\"16\" width=\"16\" xmlns=\"http:\/\/www.w3.org\/2000\/svg\">   <path d=\"M16 8.049c0-4.446-3.582-8.05-8-8.05C3.58 0-.002 3.603-.002 8.05c0 4.017 2.926 7.347 6.75 7.951v-5.625h-2.03V8.05H6.75V6.275c0-2.017 1.195-3.131 3.022-3.131.876 0 1.791.157 1.791.157v1.98h-1.009c-.993 0-1.303.621-1.303 1.258v1.51h2.218l-.354 2.326H9.25V16c3.824-.604 6.75-3.934 6.75-7.951z\"><\/path> <\/svg><\/span><\/a>\n\n\n\n<a class=\"gb-button gb-button-670f8f54\" href=\"C\u00e1rnicas Zurita: la calidad como compromiso\"><span class=\"gb-icon\"><svg aria-hidden=\"true\" role=\"img\" height=\"1em\" width=\"1em\" viewBox=\"0 0 576 512\" xmlns=\"http:\/\/www.w3.org\/2000\/svg\"><path fill=\"currentColor\" d=\"M549.655 124.083c-6.281-23.65-24.787-42.276-48.284-48.597C458.781 64 288 64 288 64S117.22 64 74.629 75.486c-23.497 6.322-42.003 24.947-48.284 48.597-11.412 42.867-11.412 132.305-11.412 132.305s0 89.438 11.412 132.305c6.281 23.65 24.787 41.5 48.284 47.821C117.22 448 288 448 288 448s170.78 0 213.371-11.486c23.497-6.321 42.003-24.171 48.284-47.821 11.412-42.867 11.412-132.305 11.412-132.305s0-89.438-11.412-132.305zm-317.51 213.508V175.185l142.739 81.205-142.739 81.201z\"><\/path><\/svg><\/span><\/a>\n\n\n\n<a class=\"gb-button gb-button-7ca5e604\" href=\"https:\/\/www.instagram.com\/carnicaszurita\/?_ga=2.135811761.1071933486.1706114445-1224813587.1706114445\" target=\"_blank\" rel=\"noopener\"><span class=\"gb-icon\"><svg viewBox=\"0 0 16 16\" class=\"bi bi-instagram\" fill=\"currentColor\" height=\"16\" width=\"16\" xmlns=\"http:\/\/www.w3.org\/2000\/svg\">   <path d=\"M8 0C5.829 0 5.556.01 4.703.048 3.85.088 3.269.222 2.76.42a3.917 3.917 0 0 0-1.417.923A3.927 3.927 0 0 0 .42 2.76C.222 3.268.087 3.85.048 4.7.01 5.555 0 5.827 0 8.001c0 2.172.01 2.444.048 3.297.04.852.174 1.433.372 1.942.205.526.478.972.923 1.417.444.445.89.719 1.416.923.51.198 1.09.333 1.942.372C5.555 15.99 5.827 16 8 16s2.444-.01 3.298-.048c.851-.04 1.434-.174 1.943-.372a3.916 3.916 0 0 0 1.416-.923c.445-.445.718-.891.923-1.417.197-.509.332-1.09.372-1.942C15.99 10.445 16 10.173 16 8s-.01-2.445-.048-3.299c-.04-.851-.175-1.433-.372-1.941a3.926 3.926 0 0 0-.923-1.417A3.911 3.911 0 0 0 13.24.42c-.51-.198-1.092-.333-1.943-.372C10.443.01 10.172 0 7.998 0h.003zm-.717 1.442h.718c2.136 0 2.389.007 3.232.046.78.035 1.204.166 1.486.275.373.145.64.319.92.599.28.28.453.546.598.92.11.281.24.705.275 1.485.039.843.047 1.096.047 3.231s-.008 2.389-.047 3.232c-.035.78-.166 1.203-.275 1.485a2.47 2.47 0 0 1-.599.919c-.28.28-.546.453-.92.598-.28.11-.704.24-1.485.276-.843.038-1.096.047-3.232.047s-2.39-.009-3.233-.047c-.78-.036-1.203-.166-1.485-.276a2.478 2.478 0 0 1-.92-.598 2.48 2.48 0 0 1-.6-.92c-.109-.281-.24-.705-.275-1.485-.038-.843-.046-1.096-.046-3.233 0-2.136.008-2.388.046-3.231.036-.78.166-1.204.276-1.486.145-.373.319-.64.599-.92.28-.28.546-.453.92-.598.282-.11.705-.24 1.485-.276.738-.034 1.024-.044 2.515-.045v.002zm4.988 1.328a.96.96 0 1 0 0 1.92.96.96 0 0 0 0-1.92zm-4.27 1.122a4.109 4.109 0 1 0 0 8.217 4.109 4.109 0 0 0 0-8.217zm0 1.441a2.667 2.667 0 1 1 0 5.334 2.667 2.667 0 0 1 0-5.334z\"><\/path> <\/svg><\/span><\/a>\n\n<\/div>\n<\/div>\n\n<div class=\"gb-container gb-container-cb3561a9\">\n\n<figure class=\"gb-block-image gb-block-image-6513eeca\"><img loading=\"lazy\" decoding=\"async\" width=\"768\" height=\"512\" class=\"gb-image gb-image-6513eeca\" src=\"https:\/\/carnicaszurita.es\/blog\/wp-content\/uploads\/2024\/01\/zurita-albolote-2.jpg\" alt=\"\" title=\"zurita-albolote-2\" srcset=\"https:\/\/carnicaszurita.es\/blog\/wp-content\/uploads\/2024\/01\/zurita-albolote-2.jpg 768w, https:\/\/carnicaszurita.es\/blog\/wp-content\/uploads\/2024\/01\/zurita-albolote-2-300x200.jpg 300w\" sizes=\"auto, (max-width: 768px) 100vw, 768px\" \/><\/figure>\n\n<\/div>\n<\/div>\n<\/div>\n\n<div class=\"gb-container gb-container-6dbe6563\">\n<div class=\"gb-container gb-container-4f997873\">\n\n<h3 class=\"gb-headline gb-headline-3a42454d\"><span class=\"gb-icon\"><svg aria-hidden=\"true\" role=\"img\" height=\"1em\" width=\"1em\" viewBox=\"0 0 512 512\" xmlns=\"http:\/\/www.w3.org\/2000\/svg\"><path fill=\"currentColor\" d=\"M328 256c0 39.8-32.2 72-72 72s-72-32.2-72-72 32.2-72 72-72 72 32.2 72 72zm104-72c-39.8 0-72 32.2-72 72s32.2 72 72 72 72-32.2 72-72-32.2-72-72-72zm-352 0c-39.8 0-72 32.2-72 72s32.2 72 72 72 72-32.2 72-72-32.2-72-72-72z\"><\/path><\/svg><\/span><span class=\"gb-headline-text\">C\u00e1rnicas Zurita: la selecci\u00f3n de los mejores productos<\/span><\/h3>\n\n\n\n<figure class=\"wp-block-gallery has-nested-images columns-default is-cropped wp-block-gallery-1 is-layout-flex wp-block-gallery-is-layout-flex\">\n<figure class=\"wp-block-image size-large\"><img decoding=\"async\" data-id=\"2089\" src=\"https:\/\/carnicaszurita.es\/blog\/wp-content\/uploads\/2024\/01\/jamon-corte-cuchillo-carnicas-zurita-1024x516.jpg\" alt=\"Jam\u00f3n corte cuchillo-C\u00e1rnicas Zurita\" class=\"wp-image-2089\"\/><\/figure>\n\n\n\n<figure class=\"wp-block-image size-large\"><img decoding=\"async\" data-id=\"2087\" src=\"https:\/\/carnicaszurita.es\/blog\/wp-content\/uploads\/2024\/01\/productos-gourmet-carnicas-zurita-1024x561.jpg\" alt=\"Productos gourmet C\u00e1rnicas Zurita.\" class=\"wp-image-2087\"\/><\/figure>\n\n\n\n<figure class=\"wp-block-image size-large\"><img loading=\"lazy\" decoding=\"async\" width=\"1024\" height=\"690\" data-id=\"2024\" src=\"https:\/\/carnicaszurita.es\/blog\/wp-content\/uploads\/2024\/01\/store-1-1024x690.jpg\" alt=\"Tiendas C\u00e1rnicas Zurita.\" class=\"wp-image-2024\" srcset=\"https:\/\/carnicaszurita.es\/blog\/wp-content\/uploads\/2024\/01\/store-1-1024x690.jpg 1024w, https:\/\/carnicaszurita.es\/blog\/wp-content\/uploads\/2024\/01\/store-1-300x202.jpg 300w, https:\/\/carnicaszurita.es\/blog\/wp-content\/uploads\/2024\/01\/store-1-768x517.jpg 768w, https:\/\/carnicaszurita.es\/blog\/wp-content\/uploads\/2024\/01\/store-1.jpg 1069w\" sizes=\"auto, (max-width: 1024px) 100vw, 1024px\" \/><\/figure>\n\n\n\n<figure class=\"wp-block-image size-large\"><img loading=\"lazy\" decoding=\"async\" width=\"1024\" height=\"381\" data-id=\"2022\" src=\"https:\/\/carnicaszurita.es\/blog\/wp-content\/uploads\/2024\/01\/chuleton-ternera-gallega-zurita-1024x381.jpg\" alt=\"Chulet\u00f3n ternera gallega. C\u00e1rnicas Zurita\" class=\"wp-image-2022\" srcset=\"https:\/\/carnicaszurita.es\/blog\/wp-content\/uploads\/2024\/01\/chuleton-ternera-gallega-zurita-1024x381.jpg 1024w, https:\/\/carnicaszurita.es\/blog\/wp-content\/uploads\/2024\/01\/chuleton-ternera-gallega-zurita-300x112.jpg 300w, https:\/\/carnicaszurita.es\/blog\/wp-content\/uploads\/2024\/01\/chuleton-ternera-gallega-zurita-768x286.jpg 768w, https:\/\/carnicaszurita.es\/blog\/wp-content\/uploads\/2024\/01\/chuleton-ternera-gallega-zurita-1536x571.jpg 1536w, https:\/\/carnicaszurita.es\/blog\/wp-content\/uploads\/2024\/01\/chuleton-ternera-gallega-zurita.jpg 1888w\" sizes=\"auto, (max-width: 1024px) 100vw, 1024px\" \/><\/figure>\n\n\n\n<figure class=\"wp-block-image size-full\"><img loading=\"lazy\" decoding=\"async\" width=\"768\" height=\"512\" data-id=\"2153\" src=\"https:\/\/carnicaszurita.es\/blog\/wp-content\/uploads\/2024\/01\/zurita-churriana-2.jpg\" alt=\"\" class=\"wp-image-2153\" srcset=\"https:\/\/carnicaszurita.es\/blog\/wp-content\/uploads\/2024\/01\/zurita-churriana-2.jpg 768w, https:\/\/carnicaszurita.es\/blog\/wp-content\/uploads\/2024\/01\/zurita-churriana-2-300x200.jpg 300w\" sizes=\"auto, (max-width: 768px) 100vw, 768px\" \/><\/figure>\n\n\n\n<figure class=\"wp-block-image size-large\"><img loading=\"lazy\" decoding=\"async\" width=\"768\" height=\"512\" data-id=\"2155\" src=\"https:\/\/carnicaszurita.es\/blog\/wp-content\/uploads\/2024\/01\/zurita-albolote-2.jpg\" alt=\"\" class=\"wp-image-2155\" srcset=\"https:\/\/carnicaszurita.es\/blog\/wp-content\/uploads\/2024\/01\/zurita-albolote-2.jpg 768w, https:\/\/carnicaszurita.es\/blog\/wp-content\/uploads\/2024\/01\/zurita-albolote-2-300x200.jpg 300w\" sizes=\"auto, (max-width: 768px) 100vw, 768px\" \/><\/figure>\n<\/figure>\n\n<\/div>\n<\/div>\n\n<div class=\"gb-container gb-container-d09c7877\">\n\n<h3 class=\"gb-headline gb-headline-6405c52f gb-headline-text\">\u00bfQuieres descubrir el sabor de la excelencia??<\/h3>\n\n\n\n<a class=\"gb-button gb-button-260def55\" href=\"https:\/\/carnicaszurita.es\/contactenos\"><span class=\"gb-button-text\">Contactar<\/span><span class=\"gb-icon\"><svg viewBox=\"0 0 40 25.81\" xmlns=\"http:\/\/www.w3.org\/2000\/svg\" data-name=\"Layer 1\"><path d=\"M1.55 14.46H34.7l-8.7 8.7a1.55 1.55 0 1 0 2.19 2.19L39.54 14a1.53 1.53 0 0 0 0-2.19L28.19.45A1.55 1.55 0 1 0 26 2.65l8.7 8.7H1.55a1.56 1.56 0 0 0 0 3.11Z\"><\/path><\/svg><\/span><\/a>\n\n<\/div>","protected":false},"excerpt":{"rendered":"<p>C\u00e1rnicas Zurita: la calidad como compromiso Con mimo y tradici\u00f3n, elaboramos desde 1970, embutidos granadinos y jamones de calidad suprema desde hace a\u00f1os. Nuestro \u00e9xito se basa en trabajar directamente con ganaderos, lo que nos permite garantizar la m\u00e1xima frescura y ofrecer el mejor precio S\u00edguenos C\u00e1rnicas Zurita: la selecci\u00f3n de los mejores productos \u00bfQuieres &#8230; <a title=\"Sobre nosotros\" class=\"read-more\" href=\"https:\/\/carnicaszurita.es\/blog\/sobre-nosotros\/\" aria-label=\"Read more about Sobre nosotros\">Leer m\u00e1s<\/a><\/p>\n","protected":false},"author":1,"featured_media":0,"parent":0,"menu_order":0,"comment_status":"closed","ping_status":"closed","template":"","meta":{"inline_featured_image":false,"footnotes":""},"class_list":["post-169","page","type-page","status-publish"],"_links":{"self":[{"href":"https:\/\/carnicaszurita.es\/blog\/wp-json\/wp\/v2\/pages\/169","targetHints":{"allow":["GET"]}}],"collection":[{"href":"https:\/\/carnicaszurita.es\/blog\/wp-json\/wp\/v2\/pages"}],"about":[{"href":"https:\/\/carnicaszurita.es\/blog\/wp-json\/wp\/v2\/types\/page"}],"author":[{"embeddable":true,"href":"https:\/\/carnicaszurita.es\/blog\/wp-json\/wp\/v2\/users\/1"}],"replies":[{"embeddable":true,"href":"https:\/\/carnicaszurita.es\/blog\/wp-json\/wp\/v2\/comments?post=169"}],"version-history":[{"count":6,"href":"https:\/\/carnicaszurita.es\/blog\/wp-json\/wp\/v2\/pages\/169\/revisions"}],"predecessor-version":[{"id":2159,"href":"https:\/\/carnicaszurita.es\/blog\/wp-json\/wp\/v2\/pages\/169\/revisions\/2159"}],"wp:attachment":[{"href":"https:\/\/carnicaszurita.es\/blog\/wp-json\/wp\/v2\/media?parent=169"}],"curies":[{"name":"wp","href":"https:\/\/api.w.org\/{rel}","templated":true}]}}